{"id":413,"date":"2021-01-18T15:28:45","date_gmt":"2021-01-18T14:28:45","guid":{"rendered":"https:\/\/www.studiogm.net\/?page_id=413"},"modified":"2021-01-21T21:02:05","modified_gmt":"2021-01-21T20:02:05","slug":"incidenti-stradali-2","status":"publish","type":"page","link":"https:\/\/www.studiogm.net\/?page_id=413","title":{"rendered":"Incidenti Stradali &#8211; Dinamiche e attribuzione delle responsabilit\u00e0"},"content":{"rendered":"\t\t<div data-elementor-type=\"wp-page\" data-elementor-id=\"413\" class=\"elementor elementor-413\">\n\t\t\t\t\t\t<section class=\"elementor-section elementor-top-section elementor-element elementor-element-8cc5d28 elementor-section-height-min-height elementor-section-boxed elementor-section-height-default elementor-section-items-middle\" data-id=\"8cc5d28\" data-element_type=\"section\" data-settings=\"{&quot;background_background&quot;:&quot;classic&quot;,&quot;shape_divider_bottom&quot;:&quot;mountains&quot;}\">\n\t\t\t\t\t<div class=\"elementor-shape elementor-shape-bottom\" aria-hidden=\"true\" data-negative=\"false\">\n\t\t\t<svg xmlns=\"http:\/\/www.w3.org\/2000\/svg\" viewBox=\"0 0 1000 100\" preserveAspectRatio=\"none\">\n\t<path class=\"elementor-shape-fill\" opacity=\"0.33\" d=\"M473,67.3c-203.9,88.3-263.1-34-320.3,0C66,119.1,0,59.7,0,59.7V0h1000v59.7 c0,0-62.1,26.1-94.9,29.3c-32.8,3.3-62.8-12.3-75.8-22.1C806,49.6,745.3,8.7,694.9,4.7S492.4,59,473,67.3z\"\/>\n\t<path class=\"elementor-shape-fill\" opacity=\"0.66\" d=\"M734,67.3c-45.5,0-77.2-23.2-129.1-39.1c-28.6-8.7-150.3-10.1-254,39.1 s-91.7-34.4-149.2,0C115.7,118.3,0,39.8,0,39.8V0h1000v36.5c0,0-28.2-18.5-92.1-18.5C810.2,18.1,775.7,67.3,734,67.3z\"\/>\n\t<path class=\"elementor-shape-fill\" d=\"M766.1,28.9c-200-57.5-266,65.5-395.1,19.5C242,1.8,242,5.4,184.8,20.6C128,35.8,132.3,44.9,89.9,52.5C28.6,63.7,0,0,0,0 h1000c0,0-9.9,40.9-83.6,48.1S829.6,47,766.1,28.9z\"\/>\n<\/svg>\t\t<\/div>\n\t\t\t\t\t<div class=\"elementor-container elementor-column-gap-default\">\n\t\t\t\t\t<div class=\"elementor-column elementor-col-33 elementor-top-column elementor-element elementor-element-062fcca\" data-id=\"062fcca\" data-element_type=\"column\">\n\t\t\t<div class=\"elementor-widget-wrap elementor-element-populated\">\n\t\t\t\t\t\t<div class=\"elementor-element elementor-element-8679501 elementor-widget elementor-widget-image\" data-id=\"8679501\" data-element_type=\"widget\" data-widget_type=\"image.default\">\n\t\t\t\t<div class=\"elementor-widget-container\">\n\t\t\t\t\t\t\t\t\t\t\t\t\t\t\t\t<a href=\"https:\/\/www.studiogm.net\/wp-content\/uploads\/2021\/01\/istockphoto-167591807-170667a.jpg\" data-elementor-open-lightbox=\"yes\" data-elementor-lightbox-title=\"Illustration of car crash.\" data-e-action-hash=\"#elementor-action%3Aaction%3Dlightbox%26settings%3DeyJpZCI6NDE3LCJ1cmwiOiJodHRwczpcL1wvd3d3LnN0dWRpb2dtLm5ldFwvd3AtY29udGVudFwvdXBsb2Fkc1wvMjAyMVwvMDFcL2lzdG9ja3Bob3RvLTE2NzU5MTgwNy0xNzA2NjdhLmpwZyJ9\">\n\t\t\t\t\t\t\t<img fetchpriority=\"high\" decoding=\"async\" width=\"545\" height=\"315\" src=\"https:\/\/www.studiogm.net\/wp-content\/uploads\/2021\/01\/istockphoto-167591807-170667a.jpg\" class=\"attachment-medium_large size-medium_large wp-image-417\" alt=\"\" srcset=\"https:\/\/www.studiogm.net\/wp-content\/uploads\/2021\/01\/istockphoto-167591807-170667a.jpg 545w, https:\/\/www.studiogm.net\/wp-content\/uploads\/2021\/01\/istockphoto-167591807-170667a-300x173.jpg 300w\" sizes=\"(max-width: 545px) 100vw, 545px\" \/>\t\t\t\t\t\t\t\t<\/a>\n\t\t\t\t\t\t\t\t\t\t\t\t\t\t\t<\/div>\n\t\t\t\t<\/div>\n\t\t\t\t\t<\/div>\n\t\t<\/div>\n\t\t\t\t<div class=\"elementor-column elementor-col-66 elementor-top-column elementor-element elementor-element-835c8d9\" data-id=\"835c8d9\" data-element_type=\"column\">\n\t\t\t<div class=\"elementor-widget-wrap elementor-element-populated\">\n\t\t\t\t\t\t<div class=\"elementor-element elementor-element-fb17cd6 elementor-widget elementor-widget-text-editor\" data-id=\"fb17cd6\" data-element_type=\"widget\" data-widget_type=\"text-editor.default\">\n\t\t\t\t<div class=\"elementor-widget-container\">\n\t\t\t\t\t\t\t\t\t<h3 align=\"LEFT\">Incidenti Stradali &#8211; Dinamiche e attribuzione delle responsabilit\u00e0<\/h3>\n<h3>La colpa non \u00e8 solo di una parte, lo prevede il nostro ordinamento.<\/h3>\n<p><\/p>\n<p style=\"margin-bottom: 0cm\">Uno dei pochi casi di responsabilit\u00e0&nbsp;<span style=\"font-family: var( --e-global-typography-text-font-family ), Sans-serif; font-weight: var( --e-global-typography-text-font-weight ); font-size: 1rem;\">piena \u00e8 il classico tamponamento, per il conducente del veicolo che tampona  infatti la violazione \u00e8 l&#8217;inosservanza della distanza di sicurezza, mentre nulla pu\u00f2 essere ragionevolmente contestato al conducente che ha subito lo scontro.<\/span><br><\/p>\n<p style=\"margin-bottom: 0cm\"><span style=\"font-family: var( --e-global-typography-text-font-family ), Sans-serif; font-weight: var( --e-global-typography-text-font-weight ); font-size: 1rem;\"><br><\/span><\/p>\n<p style=\"margin-bottom: 0cm\">In tutti gli altri innumerevoli casi di incidenti fra due veicoli, la responsabilit\u00e0  iniziale  va posta al 50% fra i due conducenti. Si avete letto bene, ed \u00e8 ci\u00f2 che prevede la legge. L&#8217;art. 2054, 2\u00b0 comma del c.c. recita testualmente &#8221; Nel caso di scontro tra veicoli si presume, fino a prova contraria, che ciascuno dei conducenti abbia concorso ugualmente a produrre il danno subito dai singoli veicoli&#8221;. E badate bene che pu\u00f2 non essere sufficiente la violazione altrui, in quanto il 1\u00b0 comma dello stesso art. 2054 C.C. prevede che &#8220;il conducente di un veicolo \u00e8 obbligato a risarcire il danno prodotto a persone o a cose dalla circolazione del veicolo, se non prova di aver fatto tutto il possibile per evitare il danno&#8221;.<\/p>\n<p style=\"margin-bottom: 0cm\"><span style=\"font-family: var( --e-global-typography-text-font-family ), Sans-serif; font-size: 1rem; font-weight: var( --e-global-typography-text-font-weight );\">Ci\u00f2 comporta che il conducente favorito deve comunque attivarsi per evitare e attenuare il danno, anche in presenza di scorrettezze altrui.&nbsp;<\/span><\/p>\n<p style=\"margin-bottom: 0cm\"><span style=\"font-size: medium; font-family: &quot;Times New Roman&quot;, serif; color: rgb(128, 128, 128); font-weight: var( --e-global-typography-text-font-weight );\"><br><\/span><\/p>\n<p style=\"margin-bottom: 0cm;\">\n<font color=\"#808080\"><font face=\"Times New Roman, serif\"><font size=\"3\">Come \u00e8 mia abitudine descrivo ora un caso concreto da me gestito, per darvi un saggio e riportare nella pratica quanto sopra detto. Un mio cliente diversi anni fa mi aveva contattato per un sinistro stradale per il quale il suo assicuratore gli aveva detto che non si poteva fare nulla in quanto, a suo dire, era l&#8217;unico responsabile. Dopo avermi spiegato la dinamica esatta e aver visionato il luogo, gli riferii  che un concorso di colpa poteva essere contestato alla controparte. Dopo aver ricevuto quindi il mandato dallo stesso, inviai la solita raccomandata di richiesta danni, subito respinta dalla compagnia assicurativa. Visto che si profilava un contenzioso giudiziario difficile, per smussare i rischi di addebito delle spese di lite in caso di perdita, incaricai un partner esperto in materia  per effettuare una perizia cinematica ricostruttiva.<br>\nQuesta la dinamica: il mio assistito fermo allo stop ( incrocio via antica Regina con S.S. 340 Dir, del comune di Domaso) per immettersi sulla statale per svoltare a sinistra. Dopo aver verificato che non<br>\nsopraggiungessero veicoli ne a destra ne a sinistra (visuale a sinistra limitata da ampia curva), si immetteva sulla S.S. e, dopo aver raggiunto con il proprio veicolo i 2\/3 della carreggiata opposta, veniva colpito sul posteriore sinistro dal veicolo che sopraggiungeva da sinistra. L&#8217;impatto provoc\u00f2 la rotazione di 180 gradi del veicolo del mio assistito che fin\u00ec la corsa contro un mezzo in sosta e subendo ingenti danni, tanto da dover rottamare il mezzo quasi nuovo, e riportando delle lesioni non gravi. La perizia ricostruttiva, fatta<br>\nmolto bene e accompagna da rilievi fotografici,  dimostrava con chiarezza come il veicolo favorito, qualora avesse rispettato il limite di velocit\u00e0 di 50 km\/h  ivi  esistente, non avrebbe potuto impattare con il posteriore del veicolo che si era immesso dallo stop, in quanto quest&#8217;ultimo avrebbe avuto quei due o tre secondi a<br>\ndisposizione per terminare la manovra di immissione. Tale perizia, fu accettata dal Giudice come mezzo di prova unitamente a quella per testi. Quando il Giudice di Pace di Menaggio emise la sentenza attribuendo la totale responsabilit\u00e0 del sinistro alla controparte (sposando evidentemente&nbsp; a pieno la nostra ricostruzione) e<br>\nriconoscendo al mio assistito il 100% del risarcimento, fummo talmente sorpresi che per un attimo ci venne voglia di abbracciare il Giudice.<\/font><\/font><\/font><\/p>\n<p style=\"margin-bottom: 0cm;\">\n<br><\/p>\n<p style=\"margin-bottom: 0cm;\"><font color=\"#808080\"><font face=\"Times New Roman, serif\"><font size=\"3\">Da questo caso particolare ma comunque concreto e pratico, si capisce l&#8217; importanza della corretta ricostruzione dell&#8217;evento, o<\/font><\/font><\/font><span style=\"font-weight: var( --e-global-typography-text-font-weight ); font-size: medium; font-family: &quot;Times New Roman&quot;, serif; color: rgb(128, 128, 128);\">gni sinistro va pertanto analizzato accuratamente nella sua dinamica per<br>\npoter ripartire in modo preciso e puntale le responsabilit\u00e0.&nbsp; Superficiali letture possono portare a<br>\nvalutazioni non corrette,&nbsp; come in questo caso nel&nbsp; parere sbagliato rilasciato inizialmente dall&#8217;assicuratore.&nbsp;<\/span><\/p>\n<p style=\"margin-bottom: 0cm;\"><span style=\"font-weight: var( --e-global-typography-text-font-weight ); font-size: medium; font-family: &quot;Times New Roman&quot;, serif; color: rgb(128, 128, 128);\"><br><\/span><\/p>\n<p style=\"margin-bottom: 0cm;\"><span style=\"font-weight: var( --e-global-typography-text-font-weight ); font-size: medium; font-family: &quot;Times New Roman&quot;, serif; color: rgb(128, 128, 128);\">&nbsp;il consulente Giuseppe&nbsp;<\/span><span style=\"font-weight: var( --e-global-typography-text-font-weight ); font-size: medium; font-family: &quot;Times New Roman&quot;, serif; color: rgb(128, 128, 128);\">Mantese<\/span><\/p>\n<p style=\"margin-bottom: 0cm\"><font color=\"#808080\" face=\"Times New Roman, serif\" size=\"3\">&nbsp; Patrocinatore Stragiudiziale<\/font><\/p>\n<p style=\"margin-bottom: 0cm\"><span style=\"font-family: var( --e-global-typography-text-font-family ), Sans-serif; font-size: 1rem; font-weight: var( --e-global-typography-text-font-weight );\">&nbsp;<\/span><\/p>\n<p style=\"margin-bottom: 0cm\"><span style=\"font-family: var( --e-global-typography-text-font-family ), Sans-serif; font-weight: var( --e-global-typography-text-font-weight ); font-size: 1rem;\"><br><\/span><\/p>\n<p style=\"margin-bottom: 0cm\"><span style=\"font-family: var( --e-global-typography-text-font-family ), Sans-serif; font-weight: var( --e-global-typography-text-font-weight ); font-size: 1rem;\"><br><\/span><\/p>\t\t\t\t\t\t\t\t<\/div>\n\t\t\t\t<\/div>\n\t\t\t\t\t<\/div>\n\t\t<\/div>\n\t\t\t\t\t<\/div>\n\t\t<\/section>\n\t\t\t\t<\/div>\n\t\t","protected":false},"excerpt":{"rendered":"<p>Incidenti Stradali &#8211; Dinamiche e attribuzione delle responsabilit\u00e0 La colpa non \u00e8 solo di una parte, lo prevede il nostro ordinamento. Uno dei pochi casi di responsabilit\u00e0&nbsp;piena \u00e8 il classico tamponamento, per il conducente del veicolo che tampona infatti la violazione \u00e8 l&#8217;inosservanza della distanza di sicurezza, mentre nulla pu\u00f2 essere ragionevolmente contestato al conducente [&hellip;]<\/p>\n","protected":false},"author":1,"featured_media":0,"parent":0,"menu_order":0,"comment_status":"closed","ping_status":"closed","template":"","meta":{"footnotes":""},"class_list":["post-413","page","type-page","status-publish","hentry"],"_links":{"self":[{"href":"https:\/\/www.studiogm.net\/index.php?rest_route=\/wp\/v2\/pages\/413","targetHints":{"allow":["GET"]}}],"collection":[{"href":"https:\/\/www.studiogm.net\/index.php?rest_route=\/wp\/v2\/pages"}],"about":[{"href":"https:\/\/www.studiogm.net\/index.php?rest_route=\/wp\/v2\/types\/page"}],"author":[{"embeddable":true,"href":"https:\/\/www.studiogm.net\/index.php?rest_route=\/wp\/v2\/users\/1"}],"replies":[{"embeddable":true,"href":"https:\/\/www.studiogm.net\/index.php?rest_route=%2Fwp%2Fv2%2Fcomments&post=413"}],"version-history":[{"count":14,"href":"https:\/\/www.studiogm.net\/index.php?rest_route=\/wp\/v2\/pages\/413\/revisions"}],"predecessor-version":[{"id":458,"href":"https:\/\/www.studiogm.net\/index.php?rest_route=\/wp\/v2\/pages\/413\/revisions\/458"}],"wp:attachment":[{"href":"https:\/\/www.studiogm.net\/index.php?rest_route=%2Fwp%2Fv2%2Fmedia&parent=413"}],"curies":[{"name":"wp","href":"https:\/\/api.w.org\/{rel}","templated":true}]}}