{"id":368,"date":"2020-12-07T17:29:32","date_gmt":"2020-12-07T16:29:32","guid":{"rendered":"https:\/\/www.studiogm.net\/?page_id=368"},"modified":"2020-12-23T20:02:17","modified_gmt":"2020-12-23T19:02:17","slug":"nostri-amici-animali","status":"publish","type":"page","link":"https:\/\/www.studiogm.net\/?page_id=368","title":{"rendered":"nostri amici animali"},"content":{"rendered":"\t\t<div data-elementor-type=\"wp-page\" data-elementor-id=\"368\" class=\"elementor elementor-368\">\n\t\t\t\t\t\t<section class=\"elementor-section elementor-top-section elementor-element elementor-element-4a3cf0c elementor-section-height-min-height elementor-section-boxed elementor-section-height-default elementor-section-items-middle\" data-id=\"4a3cf0c\" data-element_type=\"section\" data-settings=\"{&quot;background_background&quot;:&quot;classic&quot;,&quot;shape_divider_bottom&quot;:&quot;mountains&quot;}\">\n\t\t\t\t\t<div class=\"elementor-shape elementor-shape-bottom\" aria-hidden=\"true\" data-negative=\"false\">\n\t\t\t<svg xmlns=\"http:\/\/www.w3.org\/2000\/svg\" viewBox=\"0 0 1000 100\" preserveAspectRatio=\"none\">\n\t<path class=\"elementor-shape-fill\" opacity=\"0.33\" d=\"M473,67.3c-203.9,88.3-263.1-34-320.3,0C66,119.1,0,59.7,0,59.7V0h1000v59.7 c0,0-62.1,26.1-94.9,29.3c-32.8,3.3-62.8-12.3-75.8-22.1C806,49.6,745.3,8.7,694.9,4.7S492.4,59,473,67.3z\"\/>\n\t<path class=\"elementor-shape-fill\" opacity=\"0.66\" d=\"M734,67.3c-45.5,0-77.2-23.2-129.1-39.1c-28.6-8.7-150.3-10.1-254,39.1 s-91.7-34.4-149.2,0C115.7,118.3,0,39.8,0,39.8V0h1000v36.5c0,0-28.2-18.5-92.1-18.5C810.2,18.1,775.7,67.3,734,67.3z\"\/>\n\t<path class=\"elementor-shape-fill\" d=\"M766.1,28.9c-200-57.5-266,65.5-395.1,19.5C242,1.8,242,5.4,184.8,20.6C128,35.8,132.3,44.9,89.9,52.5C28.6,63.7,0,0,0,0 h1000c0,0-9.9,40.9-83.6,48.1S829.6,47,766.1,28.9z\"\/>\n<\/svg>\t\t<\/div>\n\t\t\t\t\t<div class=\"elementor-container elementor-column-gap-default\">\n\t\t\t\t\t<div class=\"elementor-column elementor-col-33 elementor-top-column elementor-element elementor-element-9f4e190\" data-id=\"9f4e190\" data-element_type=\"column\">\n\t\t\t<div class=\"elementor-widget-wrap elementor-element-populated\">\n\t\t\t\t\t\t<div class=\"elementor-element elementor-element-e7d2ec6 elementor-widget elementor-widget-image\" data-id=\"e7d2ec6\" data-element_type=\"widget\" data-widget_type=\"image.default\">\n\t\t\t\t<div class=\"elementor-widget-container\">\n\t\t\t\t\t\t\t\t\t\t\t\t\t\t\t\t<a href=\"https:\/\/www.studiogm.net\/wp-content\/uploads\/2020\/12\/amici.animali.composta.jpg\" data-elementor-open-lightbox=\"yes\" data-elementor-lightbox-title=\"amici.animali.composta\" data-e-action-hash=\"#elementor-action%3Aaction%3Dlightbox%26settings%3DeyJpZCI6MzcwLCJ1cmwiOiJodHRwczpcL1wvd3d3LnN0dWRpb2dtLm5ldFwvd3AtY29udGVudFwvdXBsb2Fkc1wvMjAyMFwvMTJcL2FtaWNpLmFuaW1hbGkuY29tcG9zdGEuanBnIn0%3D\">\n\t\t\t\t\t\t\t<img fetchpriority=\"high\" decoding=\"async\" width=\"766\" height=\"443\" src=\"https:\/\/www.studiogm.net\/wp-content\/uploads\/2020\/12\/amici.animali.composta.jpg\" class=\"attachment-large size-large wp-image-370\" alt=\"\" srcset=\"https:\/\/www.studiogm.net\/wp-content\/uploads\/2020\/12\/amici.animali.composta.jpg 766w, https:\/\/www.studiogm.net\/wp-content\/uploads\/2020\/12\/amici.animali.composta-300x173.jpg 300w\" sizes=\"(max-width: 766px) 100vw, 766px\" \/>\t\t\t\t\t\t\t\t<\/a>\n\t\t\t\t\t\t\t\t\t\t\t\t\t\t\t<\/div>\n\t\t\t\t<\/div>\n\t\t\t\t\t<\/div>\n\t\t<\/div>\n\t\t\t\t<div class=\"elementor-column elementor-col-66 elementor-top-column elementor-element elementor-element-01bf90f\" data-id=\"01bf90f\" data-element_type=\"column\">\n\t\t\t<div class=\"elementor-widget-wrap elementor-element-populated\">\n\t\t\t\t\t\t<div class=\"elementor-element elementor-element-693c631 elementor-widget elementor-widget-text-editor\" data-id=\"693c631\" data-element_type=\"widget\" data-widget_type=\"text-editor.default\">\n\t\t\t\t<div class=\"elementor-widget-container\">\n\t\t\t\t\t\t\t\t\t<p><strong>I nostri amici animali &#8211; diritti e doveri<\/strong><\/p><p style=\"margin-bottom: 0cm;\"><span style=\"color: var( --e-global-color-text ); font-family: var( --e-global-typography-text-font-family ), Sans-serif; font-weight: var( --e-global-typography-text-font-weight ); font-size: 1rem;\">Uno dei settori che non risente della crisi \u00e8 certamente quello del pets. Sempre pi\u00f9 persone infatti decidono di prendersi cura di un animale da compagnia per condividere con questi le proprie giornate e il conseguente cammino di vita insieme. E&#8217; una scelta impegnativa che comporta dei costi non trascurabili (il cibo, le cure veterinarie ecc. ecc.) ma anche benessere sia per i nostri amici animali che per noi stessi. Collegandomi al titolo del presente post vado ora a condividere le mie esperienze professionali maturate nel corso degli anni nella gestione dei vari casi, per fornire a chi ha interesse su questo argomento, elementi utili e pratici sia sul fronte dei diritti che in quello dei doveri e quindi dei rischi.<\/span><\/p><p style=\"margin-bottom: 0cm;\">\u00a0<\/p><p style=\"margin-bottom: 0cm;\">Partendo dai diritti, chi ha subito il dramma del ferimento o peggio ancora della morte del proprio animale a seguito di un sinistro, sa bene di cosa sto parlando. Il senso di colpa, il malessere e il dolore che si provano, sono intensi come per la perdita di qualsiasi essere vivente a cui si \u00e8 affezionati e a cui si vuol bene.<\/p><p style=\"margin-bottom: 0cm;\">\u00a0<\/p><p style=\"margin-bottom: 0cm;\">Potr\u00e0 sembrare strano, ma in questi casi il nostro ordinamento non prevede alcun tipo di risarcimento morale verso il proprietario dell&#8217;animale. Spetta solo il danno patrimoniale rappresentato dai costi di acquisto e le spese di mantenimento e veterinarie. E&#8217; una ingiustizia<\/p><p style=\"margin-bottom: 0cm;\">a cui, spero presto, il legislatore possa rimediare con una legge dedicata.<\/p><p style=\"margin-bottom: 0cm;\">\u00a0<\/p><p style=\"margin-bottom: 0cm;\">In attesa che ci\u00f2 avvenga, il mio consiglio \u00e8 quello di non arrendersi al misero ristoro assicurativo, ma di lottare al fianco degli operatori del diritto esperti in materia, affinch\u00e8 sempre pi\u00f9 persone richiedano anche il danno non patrimoniale. Danno questo, che va rigorosamente provato, avvalendosi di riferimenti normativi gi\u00e0 esistenti e compatibili, non essendoci appunto leggi specifiche. Il riferimento normativo pi\u00f9 pertinente \u00e8 il richiamo al combinato disposto dell&#8217;art. 2059 c.c. con il referente costituzionale violato, ad esempio l&#8217;art. 2 della Costituzione, ma non solo.<\/p><p style=\"margin-bottom: 0cm;\">\u00a0<\/p><p style=\"margin-bottom: 0cm;\">Per il momento vi \u00e8 una sola sentenza di merito che ha riconosciuto tale voce di danno, quella della terza sez. civile del Tribunale di Pavia, la nr. 1266 del 16 settembre 2016. Tale singola pronuncia purtroppo, non costituisce orientamento giuridico e non ha alcun valore giurisprudenziale o di precedente, come invece avrebbe potuto averlo una sentenza simile emanata dalla Suprema Corte. Pertanto, in attesa che il legislatore risolva la questione (come al solito in colpevole ritardo), spetta ai singoli condurre le proprie battaglie.<\/p><p style=\"margin-bottom: 0cm;\">\u00a0<\/p><p style=\"margin-bottom: 0cm;\">Passando al secondo punto, quello dei doveri, \u00e8 bene sapere che accudire un animale da compagnia comporta anche dei rischi da non sottovalutare. E&#8217; cronaca ricorrente il caso del cane che aggredisce persone o bambini provocando lesioni anche gravi e talvolta addirittura mortali.<\/p><p style=\"margin-bottom: 0cm;\">\u00a0<\/p><p style=\"margin-bottom: 0cm;\">Bisogna quindi approcciarsi con senso di responsabilit\u00e0, facendo ad esempio dei corsi di addestramento e conduzione del proprio cane, soprattutto se di taglia grande o di razza particolarmente aggressiva. E&#8217; saggio munirsi anche di una adeguata copertura assicurativa e di non sottovalutare il rischio. Come \u00e8 mia abitudine, voglio farvi un esempio concreto con uno dei casi da me gestiti nel corso degli anni. Una mia cliente diversi anni addietro, mi aveva affidato la pratica relativa alle lesioni subite a seguito di un aggressione da parte di un cane di piccola taglia. Quella che sembrava una ferita di poco conto, con l&#8217;incisione dei canini del cane nel polpaccio della mia assistita e un punticino di sutura, si \u00e8 trasformato in qualcosa di grave. Come noto infatti gli animali possono essere portatori sani di malattie infettive non trascurabili per l&#8217;uomo. E cosi, da un lieve ferita, si \u00e8 passati ad una infezione seria che ha comportato una lunga degenza con somministrazione di antibiotici, con le intuibili conseguenze in termini di sofferenza e angosce patite. Per fortuna il proprietario del piccolo cane era regolarmente assicurato, e quindi il relativo indennizzo \u00e8 stato pagato dalla compagnia. Se viceversa, lo stesso proprietario non fosse stato assicurato, avrebbe subito conseguenze economiche gravose.<\/p><p style=\"margin-bottom: 0cm;\">\u00a0<\/p><p style=\"margin-bottom: 0cm;\">Concludo dicendo a tutti i lettori, godiamoci pure con gioia i nostri amici animali e facciamolo con responsabile consapevolezza.<\/p><p style=\"margin-bottom: 0cm;\">\u00a0<\/p><p>\u00a0<\/p><p style=\"margin-bottom: 0cm;\">I<span style=\"font-size: 11pt;\">l patrocinatore Giuseppe Mantese<\/span><\/p>\t\t\t\t\t\t\t\t<\/div>\n\t\t\t\t<\/div>\n\t\t\t\t\t<\/div>\n\t\t<\/div>\n\t\t\t\t\t<\/div>\n\t\t<\/section>\n\t\t\t\t<\/div>\n\t\t","protected":false},"excerpt":{"rendered":"<p>I nostri amici animali &#8211; diritti e doveri Uno dei settori che non risente della crisi \u00e8 certamente quello del pets. Sempre pi\u00f9 persone infatti decidono di prendersi cura di un animale da compagnia per condividere con questi le proprie giornate e il conseguente cammino di vita insieme. E&#8217; una scelta impegnativa che comporta dei [&hellip;]<\/p>\n","protected":false},"author":1,"featured_media":0,"parent":0,"menu_order":0,"comment_status":"closed","ping_status":"closed","template":"","meta":{"footnotes":""},"class_list":["post-368","page","type-page","status-publish","hentry"],"_links":{"self":[{"href":"https:\/\/www.studiogm.net\/index.php?rest_route=\/wp\/v2\/pages\/368","targetHints":{"allow":["GET"]}}],"collection":[{"href":"https:\/\/www.studiogm.net\/index.php?rest_route=\/wp\/v2\/pages"}],"about":[{"href":"https:\/\/www.studiogm.net\/index.php?rest_route=\/wp\/v2\/types\/page"}],"author":[{"embeddable":true,"href":"https:\/\/www.studiogm.net\/index.php?rest_route=\/wp\/v2\/users\/1"}],"replies":[{"embeddable":true,"href":"https:\/\/www.studiogm.net\/index.php?rest_route=%2Fwp%2Fv2%2Fcomments&post=368"}],"version-history":[{"count":6,"href":"https:\/\/www.studiogm.net\/index.php?rest_route=\/wp\/v2\/pages\/368\/revisions"}],"predecessor-version":[{"id":408,"href":"https:\/\/www.studiogm.net\/index.php?rest_route=\/wp\/v2\/pages\/368\/revisions\/408"}],"wp:attachment":[{"href":"https:\/\/www.studiogm.net\/index.php?rest_route=%2Fwp%2Fv2%2Fmedia&parent=368"}],"curies":[{"name":"wp","href":"https:\/\/api.w.org\/{rel}","templated":true}]}}