{"id":146,"date":"2020-10-22T14:40:16","date_gmt":"2020-10-22T12:40:16","guid":{"rendered":"https:\/\/www.studiogm.net\/?page_id=146"},"modified":"2020-12-08T12:03:30","modified_gmt":"2020-12-08T11:03:30","slug":"responsabilita-medica","status":"publish","type":"page","link":"https:\/\/www.studiogm.net\/?page_id=146","title":{"rendered":"Responsabilit\u00e0 Medica"},"content":{"rendered":"\t\t<div data-elementor-type=\"wp-page\" data-elementor-id=\"146\" class=\"elementor elementor-146\">\n\t\t\t\t\t\t<section class=\"elementor-section elementor-top-section elementor-element elementor-element-859c0d5 animated-slow elementor-section-boxed elementor-section-height-default elementor-section-height-default\" data-id=\"859c0d5\" data-element_type=\"section\" data-settings=\"{&quot;background_background&quot;:&quot;classic&quot;,&quot;shape_divider_bottom&quot;:&quot;mountains&quot;,&quot;animation&quot;:&quot;none&quot;}\">\n\t\t\t\t\t<div class=\"elementor-shape elementor-shape-bottom\" aria-hidden=\"true\" data-negative=\"false\">\n\t\t\t<svg xmlns=\"http:\/\/www.w3.org\/2000\/svg\" viewBox=\"0 0 1000 100\" preserveAspectRatio=\"none\">\n\t<path class=\"elementor-shape-fill\" opacity=\"0.33\" d=\"M473,67.3c-203.9,88.3-263.1-34-320.3,0C66,119.1,0,59.7,0,59.7V0h1000v59.7 c0,0-62.1,26.1-94.9,29.3c-32.8,3.3-62.8-12.3-75.8-22.1C806,49.6,745.3,8.7,694.9,4.7S492.4,59,473,67.3z\"\/>\n\t<path class=\"elementor-shape-fill\" opacity=\"0.66\" d=\"M734,67.3c-45.5,0-77.2-23.2-129.1-39.1c-28.6-8.7-150.3-10.1-254,39.1 s-91.7-34.4-149.2,0C115.7,118.3,0,39.8,0,39.8V0h1000v36.5c0,0-28.2-18.5-92.1-18.5C810.2,18.1,775.7,67.3,734,67.3z\"\/>\n\t<path class=\"elementor-shape-fill\" d=\"M766.1,28.9c-200-57.5-266,65.5-395.1,19.5C242,1.8,242,5.4,184.8,20.6C128,35.8,132.3,44.9,89.9,52.5C28.6,63.7,0,0,0,0 h1000c0,0-9.9,40.9-83.6,48.1S829.6,47,766.1,28.9z\"\/>\n<\/svg>\t\t<\/div>\n\t\t\t\t\t<div class=\"elementor-container elementor-column-gap-default\">\n\t\t\t\t\t<div class=\"elementor-column elementor-col-100 elementor-top-column elementor-element elementor-element-643f2be\" data-id=\"643f2be\" data-element_type=\"column\">\n\t\t\t<div class=\"elementor-widget-wrap elementor-element-populated\">\n\t\t\t\t\t\t<div class=\"elementor-element elementor-element-64c7870 elementor-align-right elementor-icon-list--layout-inline elementor-list-item-link-full_width elementor-widget elementor-widget-icon-list\" data-id=\"64c7870\" data-element_type=\"widget\" data-widget_type=\"icon-list.default\">\n\t\t\t\t<div class=\"elementor-widget-container\">\n\t\t\t\t\t\t\t<ul class=\"elementor-icon-list-items elementor-inline-items\">\n\t\t\t\t\t\t\t<li class=\"elementor-icon-list-item elementor-inline-item\">\n\t\t\t\t\t\t\t\t\t\t\t<span class=\"elementor-icon-list-icon\">\n\t\t\t\t\t\t\t<i aria-hidden=\"true\" class=\"fas fa-phone\"><\/i>\t\t\t\t\t\t<\/span>\n\t\t\t\t\t\t\t\t\t\t<span class=\"elementor-icon-list-text\">031 3338335<\/span>\n\t\t\t\t\t\t\t\t\t<\/li>\n\t\t\t\t\t\t\t\t<li class=\"elementor-icon-list-item elementor-inline-item\">\n\t\t\t\t\t\t\t\t\t\t\t<span class=\"elementor-icon-list-icon\">\n\t\t\t\t\t\t\t<i aria-hidden=\"true\" class=\"fas fa-mail-bulk\"><\/i>\t\t\t\t\t\t<\/span>\n\t\t\t\t\t\t\t\t\t\t<span class=\"elementor-icon-list-text\">info@studiogm.net<\/span>\n\t\t\t\t\t\t\t\t\t<\/li>\n\t\t\t\t\t\t<\/ul>\n\t\t\t\t\t\t<\/div>\n\t\t\t\t<\/div>\n\t\t\t\t<div class=\"elementor-element elementor-element-7b6d1cf elementor-widget elementor-widget-heading\" data-id=\"7b6d1cf\" data-element_type=\"widget\" data-widget_type=\"heading.default\">\n\t\t\t\t<div class=\"elementor-widget-container\">\n\t\t\t\t\t<h2 class=\"elementor-heading-title elementor-size-default\">Responsabilit\u00e0 Medica o Sanitaria<\/h2>\t\t\t\t<\/div>\n\t\t\t\t<\/div>\n\t\t\t\t<div class=\"elementor-element elementor-element-85eedb3 animated-slow elementor-widget elementor-widget-text-editor\" data-id=\"85eedb3\" data-element_type=\"widget\" data-settings=\"{&quot;_animation&quot;:&quot;none&quot;}\" data-widget_type=\"text-editor.default\">\n\t\t\t\t<div class=\"elementor-widget-container\">\n\t\t\t\t\t\t\t\t\t<p>A differenza dei casi che riguardano gli infortuni sul lavoro o gli incidenti stradali dove, a seconda della dinamica o delle modalit\u00e0, risciamo autonomamente a stabilire l&#8217;AN (il diritto o la fondatezza della richiesta), nelle responsabilit\u00e0 mediche o nei casi detti di mala sanit\u00e0, si rende necessaria una preventiva valutazione del caso da parte di un medico-legale altamente specializzato.<\/p><p>Prima di assumere l&#8217;incarico, pertanto lo Studio GM sottopone il caso ad un medico-legale fiduciario che opera fuori dalla provincia dove ha sede la struttura Ospedaliera o il medico che si ritiene responsabile.<\/p><p>Nel caso in cui il medico-legale non ravvisi profili di responsabilit\u00e0 medica, ovvero che nessun maggior danno \u00e8 stato prodotto al paziente, lo Studio GM ne da notizia alla parte interessata e non richiede naturalmente alcun compenso. A carico del cliente rimarr\u00e0 la sola spesa dovuta per la consulenza e l&#8217;analisi della documentazione da concordare direttamente con il medico-legale che rilascer\u00e0 comunque documentazione tecnica motivata e relativa ricevuta.<\/p><p>In caso positivo invece di colpa professionale accertata, lo Studio GM assume il mandato e la gestione del caso che si svolger\u00e0, a quel punto, come per gli altri casi di responsabilit\u00e0 civile.<\/p><p>Anche in questo caso, come per gli altri, nessun fondo spese \u00e8 richiesto. Il pagamento delle nostre competenze \u00e8 richiesto alla fine del mandato in percentuale all&#8217;importo ottenuto come da tariffario dei compensi.<\/p>\t\t\t\t\t\t\t\t<\/div>\n\t\t\t\t<\/div>\n\t\t\t\t<div class=\"elementor-element elementor-element-c419f47 elementor-widget elementor-widget-image\" data-id=\"c419f47\" data-element_type=\"widget\" data-widget_type=\"image.default\">\n\t\t\t\t<div class=\"elementor-widget-container\">\n\t\t\t\t\t\t\t\t\t\t\t\t\t\t\t\t<a href=\"https:\/\/www.studiogm.net\/wp-content\/uploads\/2020\/12\/press.pdf\" target=\"_blank\">\n\t\t\t\t\t\t\t<img fetchpriority=\"high\" decoding=\"async\" width=\"768\" height=\"449\" src=\"https:\/\/www.studiogm.net\/wp-content\/uploads\/2019\/10\/1milione-768x449.jpg\" class=\"attachment-medium_large size-medium_large wp-image-96\" alt=\"\" srcset=\"https:\/\/www.studiogm.net\/wp-content\/uploads\/2019\/10\/1milione-768x449.jpg 768w, https:\/\/www.studiogm.net\/wp-content\/uploads\/2019\/10\/1milione-300x176.jpg 300w, https:\/\/www.studiogm.net\/wp-content\/uploads\/2019\/10\/1milione-1024x599.jpg 1024w, https:\/\/www.studiogm.net\/wp-content\/uploads\/2019\/10\/1milione.jpg 1733w\" sizes=\"(max-width: 768px) 100vw, 768px\" \/>\t\t\t\t\t\t\t\t<\/a>\n\t\t\t\t\t\t\t\t\t\t\t\t\t\t\t<\/div>\n\t\t\t\t<\/div>\n\t\t\t\t\t<\/div>\n\t\t<\/div>\n\t\t\t\t\t<\/div>\n\t\t<\/section>\n\t\t\t\t<section class=\"elementor-section elementor-top-section elementor-element elementor-element-951453d elementor-section-boxed elementor-section-height-default elementor-section-height-default\" data-id=\"951453d\" data-element_type=\"section\" data-settings=\"{&quot;background_background&quot;:&quot;classic&quot;}\">\n\t\t\t\t\t\t<div class=\"elementor-container elementor-column-gap-default\">\n\t\t\t\t\t<div class=\"elementor-column elementor-col-100 elementor-top-column elementor-element elementor-element-54a6c0e\" data-id=\"54a6c0e\" data-element_type=\"column\">\n\t\t\t<div class=\"elementor-widget-wrap elementor-element-populated\">\n\t\t\t\t\t\t<div class=\"elementor-element elementor-element-f9e1207 elementor-widget elementor-widget-heading\" data-id=\"f9e1207\" data-element_type=\"widget\" data-widget_type=\"heading.default\">\n\t\t\t\t<div class=\"elementor-widget-container\">\n\t\t\t\t\t<span class=\"elementor-heading-title elementor-size-small\">Studio GM \u00a9 2020 - P.IVA 03751620133 \u2013 C.F. MNTMTT93L29D416N - (Professione esercitata ai sensi della Legge 14.1.2013 n.4)<\/span>\t\t\t\t<\/div>\n\t\t\t\t<\/div>\n\t\t\t\t\t<\/div>\n\t\t<\/div>\n\t\t\t\t\t<\/div>\n\t\t<\/section>\n\t\t\t\t<\/div>\n\t\t","protected":false},"excerpt":{"rendered":"<p>031 3338335 info@studiogm.net Responsabilit\u00e0 Medica o Sanitaria A differenza dei casi che riguardano gli infortuni sul lavoro o gli incidenti stradali dove, a seconda della dinamica o delle modalit\u00e0, risciamo autonomamente a stabilire l&#8217;AN (il diritto o la fondatezza della richiesta), nelle responsabilit\u00e0 mediche o nei casi detti di mala sanit\u00e0, si rende necessaria una [&hellip;]<\/p>\n","protected":false},"author":1,"featured_media":0,"parent":0,"menu_order":0,"comment_status":"closed","ping_status":"open","template":"","meta":{"footnotes":""},"class_list":["post-146","page","type-page","status-publish","hentry"],"_links":{"self":[{"href":"https:\/\/www.studiogm.net\/index.php?rest_route=\/wp\/v2\/pages\/146","targetHints":{"allow":["GET"]}}],"collection":[{"href":"https:\/\/www.studiogm.net\/index.php?rest_route=\/wp\/v2\/pages"}],"about":[{"href":"https:\/\/www.studiogm.net\/index.php?rest_route=\/wp\/v2\/types\/page"}],"author":[{"embeddable":true,"href":"https:\/\/www.studiogm.net\/index.php?rest_route=\/wp\/v2\/users\/1"}],"replies":[{"embeddable":true,"href":"https:\/\/www.studiogm.net\/index.php?rest_route=%2Fwp%2Fv2%2Fcomments&post=146"}],"version-history":[{"count":9,"href":"https:\/\/www.studiogm.net\/index.php?rest_route=\/wp\/v2\/pages\/146\/revisions"}],"predecessor-version":[{"id":392,"href":"https:\/\/www.studiogm.net\/index.php?rest_route=\/wp\/v2\/pages\/146\/revisions\/392"}],"wp:attachment":[{"href":"https:\/\/www.studiogm.net\/index.php?rest_route=%2Fwp%2Fv2%2Fmedia&parent=146"}],"curies":[{"name":"wp","href":"https:\/\/api.w.org\/{rel}","templated":true}]}}